{"id":3,"date":"2022-11-21T16:55:27","date_gmt":"2022-11-21T16:55:27","guid":{"rendered":"https:\/\/azaharcosmetic.com\/?page_id=3"},"modified":"2025-11-10T21:55:35","modified_gmt":"2025-11-10T21:55:35","slug":"privacy-policy","status":"publish","type":"page","link":"https:\/\/azaharcosmetic.com\/index.php\/privacy-policy\/","title":{"rendered":"Politica de privacidad"},"content":{"rendered":"\n<p class=\"has-text-align-center\">Comentarios<\/p>\n\n\n\n<p class=\"has-text-align-center\"><\/p>\n\n\n\n<p class=\"has-text-align-center\"><\/p>\n\n\n\n<h2 id=\"proteccion-de-datos-personales\" class=\"wp-block-heading has-text-align-center\">Protecci\u00f3n de Datos Personales<\/h2>\n\n\n\n<p>En Azahar Cosmetic, protegemos los datos personales de nuestros clientes, por lo que cumplimos con lo dispuesto en la ley. A continuaci\u00f3n la lay de protecci\u00f3n de datos<\/p>\n\n\n\n<h3 id=\"ley-de-proteccion-de-datos-personales-o-ley-1581-de-2012\" class=\"wp-block-heading has-text-align-center\">Ley de Protecci\u00f3n de Datos Personales o Ley 1581 de 2012<\/h3>\n\n\n\n<p class=\"has-text-align-center\">Reconoce y protege el derecho que tienen todas las personas a conocer, actualizar y rectificar las informaciones que se hayan recogido sobre ellas en bases de datos o archivos que sean susceptibles de tratamiento por entidades de naturaleza p\u00fablica o privada.<\/p>\n\n\n\n<h3 id=\"que-son-datos-personales\" class=\"wp-block-heading has-text-align-center\">\u00bfQu\u00e9 son datos personales?<\/h3>\n\n\n\n<p class=\"has-text-align-center\">Cuando hablamos de datos personales nos referimos a toda aquella informaci\u00f3n asociada a una persona y que permite su identificaci\u00f3n. Por ejemplo, su documento de identidad, el lugar de nacimiento, estado civil, edad, lugar de residencia, trayectoria acad\u00e9mica, laboral, o profesional. Existe tambi\u00e9n informaci\u00f3n m\u00e1s sensible como su estado de salud, sus caracter\u00edsticas f\u00edsicas, ideolog\u00eda pol\u00edtica, vida sexual, entre otros aspectos.<\/p>\n\n\n\n<h3 id=\"como-se-recogen-los-datos-personales\" class=\"wp-block-heading has-text-align-center\">\u00bfC\u00f3mo se recogen los datos personales?<\/h3>\n\n\n\n<p class=\"has-text-align-center\">Los datos personales conforman la informaci\u00f3n necesaria para que una persona pueda interactuar con otras o con una o m\u00e1s empresas y\/o entidades para que sea plenamente individualizada del resto de la sociedad, haciendo posible la generaci\u00f3n de flujos de informaci\u00f3n que contribuyen con el crecimiento econ\u00f3mico y el mejoramiento de bienes y servicios. As\u00ed por ejemplo, cuando hacemos una solicitud de cr\u00e9dito ante una entidad financiera, se requiere diligenciar formularios con nuestra informaci\u00f3n personal, o cuando realizamos una compra y para realizar la factura de venta solicitan datos como el n\u00famero de documento de identidad, correo electr\u00f3nico, direcci\u00f3n y tel\u00e9fono de contacto, entre otros.<\/p>\n\n\n\n<p class=\"has-text-align-center\">Medios de comunicaci\u00f3n: Si subes im\u00e1genes al sitio web, debes evitar subir im\u00e1genes con datos de ubicaci\u00f3n incrustados (GPS EXIF) incluidos. Los visitantes del sitio web pueden descargar y extraer cualquier dato de ubicaci\u00f3n de las im\u00e1genes del sitio web.<\/p>\n\n\n\n<p class=\"has-text-align-center\">Cookies: si deja un comentario en nuestro sitio, puede optar por guardar su nombre, direcci\u00f3n de correo electr\u00f3nico y sitio web en cookies. Estos son para su comodidad, para que no tenga que volver a rellenar sus datos cuando deje otro comentario. Estas cookies tendr\u00e1n una duraci\u00f3n de un a\u00f1o.<\/p>\n\n\n\n<p class=\"has-text-align-center\">Si visita nuestra p\u00e1gina de inicio de sesi\u00f3n, estableceremos una cookie temporal para determinar si su navegador acepta cookies. Esta cookie no contiene datos personales y se descarta cuando cierra su navegador.<\/p>\n\n\n\n<p class=\"has-text-align-center\"><\/p>\n\n\n\n<p class=\"has-text-align-center\">Si edita o publica un art\u00edculo, se guardar\u00e1 una cookie adicional en su navegador. Esta cookie no incluye datos personales y simplemente indica el ID de publicaci\u00f3n del art\u00edculo que acaba de editar. Caduca despu\u00e9s de 1 d\u00eda.<\/p>\n\n\n\n<p class=\"has-text-align-center\">Contenido incrustado de otros sitios web: los art\u00edculos de este sitio pueden incluir contenido incrustado (por ejemplo, videos, im\u00e1genes, art\u00edculos, etc.). El contenido incrustado de otros sitios web se comporta exactamente de la misma manera que si el visitante hubiera visitado el otro sitio web.<\/p>\n\n\n\n<p class=\"has-text-align-center\">Estos sitios web pueden recopilar datos sobre usted, usar cookies, incrustar un seguimiento adicional de terceros y monitorear su interacci\u00f3n con ese contenido incrustado, incluido el seguimiento de su interacci\u00f3n con el contenido incrustado si tiene una cuenta y ha iniciado sesi\u00f3n en ese sitio web.<\/p>\n\n\n\n<p class=\"has-text-align-center\">Cu\u00e1nto tiempo conservamos sus datos: si deja un comentario, el comentario y sus metadatos se conservan indefinidamente. Esto es para que podamos reconocer y aprobar cualquier comentario de seguimiento autom\u00e1ticamente en lugar de mantenerlos en una cola de moderaci\u00f3n.<\/p>\n\n\n\n<p class=\"has-text-align-center\">Para los usuarios que se registran en nuestro sitio web (si los hay), tambi\u00e9n almacenamos la informaci\u00f3n personal que proporcionan en su perfil de usuario. Todos los usuarios pueden ver, editar o eliminar su informaci\u00f3n personal en cualquier momento (excepto que no pueden cambiar su nombre de usuario). Los administradores del sitio web tambi\u00e9n pueden ver y editar esa informaci\u00f3n.<\/p>\n\n\n\n<p class=\"has-text-align-center\">Qu\u00e9 derechos tienes sobre tus datos: si tiene una cuenta en este sitio o ha dejado comentarios, puede solicitar recibir un archivo exportado de los datos personales que tenemos sobre usted, incluidos los datos que nos haya proporcionado. Tambi\u00e9n puede solicitar que eliminemos cualquier dato personal que tengamos sobre usted. Esto no incluye ning\u00fan dato que estemos obligados a conservar con fines administrativos, legales o de seguridad.<\/p>\n\n\n\n<p class=\"has-text-align-center\">D\u00f3nde se env\u00edan sus datos:  Es posible que los comentarios de los visitantes los revise un servicio de detecci\u00f3n autom\u00e1tica de spam<\/p>\n\n\n\n<p class=\"has-text-align-center\">.<\/p>\n\n\n\n<p><\/p>\n","protected":false},"excerpt":{"rendered":"<p>Comentarios Protecci\u00f3n de Datos Personales En Azahar Cosmetic, protegemos los datos personales de nuestros clientes, por lo que cumplimos con lo dispuesto en la ley. A continuaci\u00f3n la lay de protecci\u00f3n de datos Ley de Protecci\u00f3n de Datos Personales o Ley 1581 de 2012 Reconoce y protege el derecho que tienen todas las personas a [&hellip;]<\/p>\n","protected":false},"author":1,"featured_media":0,"parent":0,"menu_order":0,"comment_status":"closed","ping_status":"open","template":"","meta":{"_monsterinsights_skip_tracking":false,"_monsterinsights_sitenote_active":false,"_monsterinsights_sitenote_note":"","_monsterinsights_sitenote_category":0,"footnotes":""},"class_list":["post-3","page","type-page","status-publish","hentry"],"aioseo_notices":[],"_links":{"self":[{"href":"https:\/\/azaharcosmetic.com\/index.php\/wp-json\/wp\/v2\/pages\/3","targetHints":{"allow":["GET"]}}],"collection":[{"href":"https:\/\/azaharcosmetic.com\/index.php\/wp-json\/wp\/v2\/pages"}],"about":[{"href":"https:\/\/azaharcosmetic.com\/index.php\/wp-json\/wp\/v2\/types\/page"}],"author":[{"embeddable":true,"href":"https:\/\/azaharcosmetic.com\/index.php\/wp-json\/wp\/v2\/users\/1"}],"replies":[{"embeddable":true,"href":"https:\/\/azaharcosmetic.com\/index.php\/wp-json\/wp\/v2\/comments?post=3"}],"version-history":[{"count":4,"href":"https:\/\/azaharcosmetic.com\/index.php\/wp-json\/wp\/v2\/pages\/3\/revisions"}],"predecessor-version":[{"id":2466,"href":"https:\/\/azaharcosmetic.com\/index.php\/wp-json\/wp\/v2\/pages\/3\/revisions\/2466"}],"wp:attachment":[{"href":"https:\/\/azaharcosmetic.com\/index.php\/wp-json\/wp\/v2\/media?parent=3"}],"curies":[{"name":"wp","href":"https:\/\/api.w.org\/{rel}","templated":true}]}}