{"id":806,"date":"2023-08-29T16:41:27","date_gmt":"2023-08-29T16:41:27","guid":{"rendered":"https:\/\/azaharcosmetic.com\/?page_id=806"},"modified":"2025-12-04T21:02:40","modified_gmt":"2025-12-04T21:02:40","slug":"magica","status":"publish","type":"page","link":"https:\/\/azaharcosmetic.com\/index.php\/magica\/","title":{"rendered":"Azahar Cosmetic"},"content":{"rendered":"\n<div style=\"height:41px\" aria-hidden=\"true\" class=\"wp-block-spacer\"><\/div>\n\n\n\n<div style=\"height:28px\" aria-hidden=\"true\" class=\"wp-block-spacer\"><\/div>\n\n\n\n<div class=\"wp-block-group alignfull has-global-padding is-content-justification-center is-layout-constrained wp-container-core-group-is-layout-df757ecc wp-block-group-is-layout-constrained\" style=\"margin-top:0;margin-bottom:0;padding-top:calc( 0.5 * var(--wp--style--root--padding-right, var(--wp--custom--gap--horizontal)));padding-right:var(--wp--style--root--padding-right, var(--wp--custom--gap--horizontal));padding-bottom:calc( 0.5 * var(--wp--style--root--padding-right, var(--wp--custom--gap--horizontal)));padding-left:var(--wp--style--root--padding-left, var(--wp--custom--gap--horizontal))\">\n<div style=\"height:calc( 0.25 * var(--wp--style--root--padding-right, var(--wp--custom--gap--horizontal)))\" aria-hidden=\"true\" class=\"wp-block-spacer\"><\/div>\n\n\n\n<div class=\"wp-block-columns alignwide are-vertically-aligned-center is-layout-flex wp-container-core-columns-is-layout-7fc3d43a wp-block-columns-is-layout-flex\">\n<div class=\"wp-block-column is-vertically-aligned-center is-layout-flow wp-block-column-is-layout-flow\">\n<figure class=\"wp-block-image aligncenter size-full is-resized\"><img fetchpriority=\"high\" decoding=\"async\" width=\"541\" height=\"250\" src=\"https:\/\/azaharcosmetic.com\/wp-content\/uploads\/2025\/12\/AAZAHARpng-031.png\" alt=\"\" class=\"wp-image-2519\" style=\"object-fit:cover;width:425px;height:auto\" srcset=\"https:\/\/azaharcosmetic.com\/wp-content\/uploads\/2025\/12\/AAZAHARpng-031.png 541w, https:\/\/azaharcosmetic.com\/wp-content\/uploads\/2025\/12\/AAZAHARpng-031-300x139.png 300w, https:\/\/azaharcosmetic.com\/wp-content\/uploads\/2025\/12\/AAZAHARpng-031-400x185.png 400w\" sizes=\"(max-width: 541px) 100vw, 541px\" \/><\/figure>\n<\/div>\n\n\n\n<div class=\"wp-block-column is-vertically-aligned-center is-layout-flow wp-block-column-is-layout-flow\">\n<p style=\"font-style:normal;font-weight:300\">Estamos centrados en potenciar los poderes de los aceites seleccionados que cient\u00edficamente han demostrado por siglos sus invaluables beneficios en el cuidado y realce de una belleza sana y el alivio de dolencias. <\/p>\n\n\n\n<p class=\"has-alegreya-sans-font-family\" style=\"font-style:normal;font-weight:300\">Sentimos un profundo compromiso con el cuidado del planeta y la piel; nuestro objetivo primordial es nutrir, proteger, regenerar y revitalizar la vida, ofreciendo un producto que promueve el bienestar integral y embellece, resaltando nuestro amor por lo natural.<\/p>\n<\/div>\n<\/div>\n\n\n\n<div style=\"height:calc( 0.25 * var(--wp--style--root--padding-right, var(--wp--custom--gap--horizontal)))\" aria-hidden=\"true\" class=\"wp-block-spacer\"><\/div>\n<\/div>\n\n\n\n<div style=\"height:21px\" aria-hidden=\"true\" class=\"wp-block-spacer\"><\/div>\n\n\n\n<div class=\"wp-block-media-text alignfull has-media-on-the-right is-stacked-on-mobile is-vertically-aligned-center\" style=\"grid-template-columns:auto 32%\"><div class=\"wp-block-media-text__content\">\n<h1 id=\"la-cosmetica-natural\" class=\"wp-block-heading has-text-align-center has-text-color has-cinzel-font-family has-large-font-size\" style=\"color:#000000\"><br><strong>LA COSM\u00c9TICA NATURAL<\/strong><\/h1>\n\n\n\n<h2 id=\"seleccionamos-ingredientes-que-no-obstruyen-los-poros-y-facilitan-la-eliminacion-de-toxinas-reduciendo-el-riesgo-de-alergias-y-proporcionando-la-oxigenacion-necesaria-esta-libre-de-ingredientes-arti\" class=\"wp-block-heading has-text-align-center has-alegreya-sans-font-family has-medium-font-size\" style=\"font-style:normal;font-weight:300;text-transform:none\">Seleccionamos ingredientes que no obstruyen los poros y facilitan la eliminaci\u00f3n de toxinas, reduciendo el riesgo de alergias y proporcionando la oxigenaci\u00f3n necesaria. Est\u00e1 libre de ingredientes artificiales, como conservantes, fragancias y colorantes, que pueden alterar la barrera cut\u00e1nea y comprometer la salud. Sin ingredientes t\u00f3xicos que envenenan tu piel y tu cuerpo. Buscamos cuidar del planeta, con productos para un consumo responsable y consciente.<\/h2>\n<\/div><figure class=\"wp-block-media-text__media\"><img decoding=\"async\" width=\"1024\" height=\"1024\" src=\"https:\/\/azaharcosmetic.com\/wp-content\/uploads\/2025\/12\/fotor_1708381805096.jpg\" alt=\"\" class=\"wp-image-2530 size-full\" srcset=\"https:\/\/azaharcosmetic.com\/wp-content\/uploads\/2025\/12\/fotor_1708381805096.jpg 1024w, https:\/\/azaharcosmetic.com\/wp-content\/uploads\/2025\/12\/fotor_1708381805096-300x300.jpg 300w, https:\/\/azaharcosmetic.com\/wp-content\/uploads\/2025\/12\/fotor_1708381805096-150x150.jpg 150w, https:\/\/azaharcosmetic.com\/wp-content\/uploads\/2025\/12\/fotor_1708381805096-768x768.jpg 768w, https:\/\/azaharcosmetic.com\/wp-content\/uploads\/2025\/12\/fotor_1708381805096-80x80.jpg 80w, https:\/\/azaharcosmetic.com\/wp-content\/uploads\/2025\/12\/fotor_1708381805096-400x400.jpg 400w, https:\/\/azaharcosmetic.com\/wp-content\/uploads\/2025\/12\/fotor_1708381805096-100x100.jpg 100w\" sizes=\"(max-width: 1024px) 100vw, 1024px\" \/><\/figure><\/div>\n\n\n\n<div class=\"wp-block-media-text alignfull is-stacked-on-mobile is-vertically-aligned-center\"><figure class=\"wp-block-media-text__media\"><img decoding=\"async\" width=\"1024\" height=\"683\" src=\"https:\/\/azaharcosmetic.com\/wp-content\/uploads\/2023\/08\/WhatsApp-Image-2023-08-29-at-10.12.53-PM-3-1024x683.jpeg\" alt=\"\" class=\"wp-image-989 size-full\" srcset=\"https:\/\/azaharcosmetic.com\/wp-content\/uploads\/2023\/08\/WhatsApp-Image-2023-08-29-at-10.12.53-PM-3-1024x683.jpeg 1024w, https:\/\/azaharcosmetic.com\/wp-content\/uploads\/2023\/08\/WhatsApp-Image-2023-08-29-at-10.12.53-PM-3-400x267.jpeg 400w, https:\/\/azaharcosmetic.com\/wp-content\/uploads\/2023\/08\/WhatsApp-Image-2023-08-29-at-10.12.53-PM-3-300x200.jpeg 300w, https:\/\/azaharcosmetic.com\/wp-content\/uploads\/2023\/08\/WhatsApp-Image-2023-08-29-at-10.12.53-PM-3-768x512.jpeg 768w, https:\/\/azaharcosmetic.com\/wp-content\/uploads\/2023\/08\/WhatsApp-Image-2023-08-29-at-10.12.53-PM-3-1536x1024.jpeg 1536w, https:\/\/azaharcosmetic.com\/wp-content\/uploads\/2023\/08\/WhatsApp-Image-2023-08-29-at-10.12.53-PM-3.jpeg 1599w\" sizes=\"(max-width: 1024px) 100vw, 1024px\" \/><\/figure><div class=\"wp-block-media-text__content\">\n<h1 id=\"ecologicos\" class=\"wp-block-heading has-text-align-center has-text-color has-cinzel-font-family has-large-font-size\" style=\"color:#000000\">Ecol\u00f3gicos<\/h1>\n\n\n\n<h2 id=\"nuestro-producto-beneficia-al-medio-ambiente-al-no-generar-residuos-quimicos-y-estar-libre-de-derivados-del-petroleo-no-realizamos-pruebas-en-animales-y-evitamos-el-uso-de-agua-en-la-elaboracion-de-n\" class=\"wp-block-heading has-text-align-center has-alegreya-sans-font-family has-medium-font-size\" style=\"font-style:normal;font-weight:300;text-transform:none\">Nuestro producto beneficia al medio ambiente al no generar residuos qu\u00edmicos y estar libre de derivados del petr\u00f3leo. No realizamos pruebas en animales y evitamos el uso de agua en la elaboraci\u00f3n de nuestras f\u00f3rmulas. Adem\u00e1s, empleamos empaques biodegradables o reutilizables, reafirmando nuestro compromiso como benefactores ambientales.<\/h2>\n<\/div><\/div>\n\n\n<h1 id=\"les-presentamos\" class=\"fonts-plugin-block \" style=\"font-family: Cinzel;font-weight: 500;text-align: center;color: #efb810\"><br>Les presentamos <\/h1>\n\n\n<div class=\"wp-block-columns alignwide are-vertically-aligned-center is-layout-flex wp-container-core-columns-is-layout-7fc3d43a wp-block-columns-is-layout-flex\">\n<div class=\"wp-block-column is-vertically-aligned-center is-layout-flow wp-block-column-is-layout-flow\" style=\"flex-basis:40%\">\n<figure class=\"wp-block-image size-full\"><img loading=\"lazy\" decoding=\"async\" width=\"1280\" height=\"960\" src=\"https:\/\/azaharcosmetic.com\/wp-content\/uploads\/2025\/12\/WhatsApp-Image-2024-04-10-at-5.11.47-PM.jpeg\" alt=\"\" class=\"wp-image-2591\" style=\"aspect-ratio:2\/3;object-fit:cover\" srcset=\"https:\/\/azaharcosmetic.com\/wp-content\/uploads\/2025\/12\/WhatsApp-Image-2024-04-10-at-5.11.47-PM.jpeg 1280w, https:\/\/azaharcosmetic.com\/wp-content\/uploads\/2025\/12\/WhatsApp-Image-2024-04-10-at-5.11.47-PM-300x225.jpeg 300w, https:\/\/azaharcosmetic.com\/wp-content\/uploads\/2025\/12\/WhatsApp-Image-2024-04-10-at-5.11.47-PM-1024x768.jpeg 1024w, https:\/\/azaharcosmetic.com\/wp-content\/uploads\/2025\/12\/WhatsApp-Image-2024-04-10-at-5.11.47-PM-768x576.jpeg 768w, https:\/\/azaharcosmetic.com\/wp-content\/uploads\/2025\/12\/WhatsApp-Image-2024-04-10-at-5.11.47-PM-400x300.jpeg 400w\" sizes=\"(max-width: 1280px) 100vw, 1280px\" \/><\/figure>\n<\/div>\n\n\n\n<div class=\"wp-block-column is-vertically-aligned-center is-layout-flow wp-block-column-is-layout-flow\" style=\"flex-basis:50%\">\n<h2 id=\"elixir-corporal-magica\" class=\"wp-block-heading has-text-align-center\">ELIXIR CORPORAL M\u00c1GICA<\/h2>\n\n\n\n<div class=\"wp-block-group is-layout-flow wp-block-group-is-layout-flow\">\n<p class=\"has-text-align-center\">Cada ingrediente ha sido elegido por sus reconocidas propiedades para <strong>Aliviar<\/strong>, estimula la restauraci\u00f3n y regeneraci\u00f3n, <strong>mitiga molestias musculares y articulares<\/strong>, sean cr\u00f3nicas o por maltrato, es emoliente, antioxidante y se absorbe r\u00e1pidamente sin dejar residuos grasos, activa la circulaci\u00f3n sangu\u00ednea y linf\u00e1tica, promueve la producci\u00f3n de col\u00e1geno.<\/p>\n\n\n\n<p class=\"has-text-align-center\"><br>Adem\u00e1s, proporciona una <strong>hidrataci\u00f3n intensa<\/strong>, esencial para el mantenimiento de una<strong> piel <\/strong>suave, tersa, luminosa y<strong> sana<\/strong>.<br>El efecto<strong> antiedad<\/strong> de este elixir es notable, no solo por sus resultados visibles en la piel, sino tambi\u00e9n por su capacidad para <strong>relajar y calmar<\/strong>, ofreciendo una experiencia sensorial \u00fanica.<\/p>\n<\/div>\n\n\n\n<div class=\"wp-block-buttons is-content-justification-center is-layout-flex wp-container-core-buttons-is-layout-a89b3969 wp-block-buttons-is-layout-flex\">\n<div class=\"wp-block-button\"><a class=\"wp-block-button__link wp-element-button\" href=\"https:\/\/azaharcosmetic.com\/index.php\/ingredientes-y-beneficios\/\">Ingredientes y beneficios<\/a><\/div>\n<\/div>\n<\/div>\n<\/div>\n\n\n\n<div style=\"height:12px\" aria-hidden=\"true\" class=\"wp-block-spacer\"><\/div>\n\n\n\n<div class=\"wp-block-cover alignfull is-light\" style=\"margin-top:0;min-height:425px;aspect-ratio:unset;\"><img loading=\"lazy\" decoding=\"async\" width=\"1024\" height=\"1024\" class=\"wp-block-cover__image-background wp-image-1647\" alt=\"\" src=\"https:\/\/azaharcosmetic.com\/wp-content\/uploads\/2024\/02\/fotor_1708383206478.jpg\" style=\"object-position:52% 45%\" data-object-fit=\"cover\" data-object-position=\"52% 45%\" srcset=\"https:\/\/azaharcosmetic.com\/wp-content\/uploads\/2024\/02\/fotor_1708383206478.jpg 1024w, https:\/\/azaharcosmetic.com\/wp-content\/uploads\/2024\/02\/fotor_1708383206478-100x100.jpg 100w, https:\/\/azaharcosmetic.com\/wp-content\/uploads\/2024\/02\/fotor_1708383206478-400x400.jpg 400w, https:\/\/azaharcosmetic.com\/wp-content\/uploads\/2024\/02\/fotor_1708383206478-300x300.jpg 300w, https:\/\/azaharcosmetic.com\/wp-content\/uploads\/2024\/02\/fotor_1708383206478-150x150.jpg 150w, https:\/\/azaharcosmetic.com\/wp-content\/uploads\/2024\/02\/fotor_1708383206478-768x768.jpg 768w, https:\/\/azaharcosmetic.com\/wp-content\/uploads\/2024\/02\/fotor_1708383206478-80x80.jpg 80w\" sizes=\"(max-width: 1024px) 100vw, 1024px\" \/><span aria-hidden=\"true\" class=\"wp-block-cover__background has-black-background-color has-background-dim-0 has-background-dim\"><\/span><div class=\"wp-block-cover__inner-container is-layout-flow wp-block-cover-is-layout-flow\">\n<p class=\"has-text-align-center has-large-font-size\"><\/p>\n<\/div><\/div>\n\n\n\n<div style=\"height:28px\" aria-hidden=\"true\" class=\"wp-block-spacer\"><\/div>\n\n\n\n<p>Redes Sociales<\/p>\n\n\n\n<ul class=\"wp-block-social-links has-normal-icon-size is-layout-flex wp-block-social-links-is-layout-flex\"><li class=\"wp-social-link wp-social-link-facebook  wp-block-social-link\"><a href=\"https:\/\/www.facebook.com\/profile.php?id=61550734376198\" class=\"wp-block-social-link-anchor\"><svg width=\"24\" height=\"24\" viewBox=\"0 0 24 24\" version=\"1.1\" xmlns=\"http:\/\/www.w3.org\/2000\/svg\" aria-hidden=\"true\" focusable=\"false\"><path d=\"M12 2C6.5 2 2 6.5 2 12c0 5 3.7 9.1 8.4 9.9v-7H7.9V12h2.5V9.8c0-2.5 1.5-3.9 3.8-3.9 1.1 0 2.2.2 2.2.2v2.5h-1.3c-1.2 0-1.6.8-1.6 1.6V12h2.8l-.4 2.9h-2.3v7C18.3 21.1 22 17 22 12c0-5.5-4.5-10-10-10z\"><\/path><\/svg><span class=\"wp-block-social-link-label screen-reader-text\">Facebook<\/span><\/a><\/li>\n\n<li class=\"wp-social-link wp-social-link-instagram  wp-block-social-link\"><a href=\"https:\/\/www.instagram.com\/stories\/magica.cuerpo.y.alma\/\" class=\"wp-block-social-link-anchor\"><svg width=\"24\" height=\"24\" viewBox=\"0 0 24 24\" version=\"1.1\" xmlns=\"http:\/\/www.w3.org\/2000\/svg\" aria-hidden=\"true\" focusable=\"false\"><path d=\"M12,4.622c2.403,0,2.688,0.009,3.637,0.052c0.877,0.04,1.354,0.187,1.671,0.31c0.42,0.163,0.72,0.358,1.035,0.673 c0.315,0.315,0.51,0.615,0.673,1.035c0.123,0.317,0.27,0.794,0.31,1.671c0.043,0.949,0.052,1.234,0.052,3.637 s-0.009,2.688-0.052,3.637c-0.04,0.877-0.187,1.354-0.31,1.671c-0.163,0.42-0.358,0.72-0.673,1.035 c-0.315,0.315-0.615,0.51-1.035,0.673c-0.317,0.123-0.794,0.27-1.671,0.31c-0.949,0.043-1.233,0.052-3.637,0.052 s-2.688-0.009-3.637-0.052c-0.877-0.04-1.354-0.187-1.671-0.31c-0.42-0.163-0.72-0.358-1.035-0.673 c-0.315-0.315-0.51-0.615-0.673-1.035c-0.123-0.317-0.27-0.794-0.31-1.671C4.631,14.688,4.622,14.403,4.622,12 s0.009-2.688,0.052-3.637c0.04-0.877,0.187-1.354,0.31-1.671c0.163-0.42,0.358-0.72,0.673-1.035 c0.315-0.315,0.615-0.51,1.035-0.673c0.317-0.123,0.794-0.27,1.671-0.31C9.312,4.631,9.597,4.622,12,4.622 M12,3 C9.556,3,9.249,3.01,8.289,3.054C7.331,3.098,6.677,3.25,6.105,3.472C5.513,3.702,5.011,4.01,4.511,4.511 c-0.5,0.5-0.808,1.002-1.038,1.594C3.25,6.677,3.098,7.331,3.054,8.289C3.01,9.249,3,9.556,3,12c0,2.444,0.01,2.751,0.054,3.711 c0.044,0.958,0.196,1.612,0.418,2.185c0.23,0.592,0.538,1.094,1.038,1.594c0.5,0.5,1.002,0.808,1.594,1.038 c0.572,0.222,1.227,0.375,2.185,0.418C9.249,20.99,9.556,21,12,21s2.751-0.01,3.711-0.054c0.958-0.044,1.612-0.196,2.185-0.418 c0.592-0.23,1.094-0.538,1.594-1.038c0.5-0.5,0.808-1.002,1.038-1.594c0.222-0.572,0.375-1.227,0.418-2.185 C20.99,14.751,21,14.444,21,12s-0.01-2.751-0.054-3.711c-0.044-0.958-0.196-1.612-0.418-2.185c-0.23-0.592-0.538-1.094-1.038-1.594 c-0.5-0.5-1.002-0.808-1.594-1.038c-0.572-0.222-1.227-0.375-2.185-0.418C14.751,3.01,14.444,3,12,3L12,3z M12,7.378 c-2.552,0-4.622,2.069-4.622,4.622S9.448,16.622,12,16.622s4.622-2.069,4.622-4.622S14.552,7.378,12,7.378z M12,15 c-1.657,0-3-1.343-3-3s1.343-3,3-3s3,1.343,3,3S13.657,15,12,15z M16.804,6.116c-0.596,0-1.08,0.484-1.08,1.08 s0.484,1.08,1.08,1.08c0.596,0,1.08-0.484,1.08-1.08S17.401,6.116,16.804,6.116z\"><\/path><\/svg><span class=\"wp-block-social-link-label screen-reader-text\">Instagram<\/span><\/a><\/li>\n\n<li class=\"wp-social-link wp-social-link-chain  wp-block-social-link\"><a href=\"https:\/\/encuestas.ghk2-consulting.com\/index.php?r=survey\/index&#038;sid=494567&#038;lang=es-CO\" class=\"wp-block-social-link-anchor\"><svg width=\"24\" height=\"24\" viewBox=\"0 0 24 24\" version=\"1.1\" xmlns=\"http:\/\/www.w3.org\/2000\/svg\" aria-hidden=\"true\" focusable=\"false\"><path d=\"M15.6,7.2H14v1.5h1.6c2,0,3.7,1.7,3.7,3.7s-1.7,3.7-3.7,3.7H14v1.5h1.6c2.8,0,5.2-2.3,5.2-5.2,0-2.9-2.3-5.2-5.2-5.2zM4.7,12.4c0-2,1.7-3.7,3.7-3.7H10V7.2H8.4c-2.9,0-5.2,2.3-5.2,5.2,0,2.9,2.3,5.2,5.2,5.2H10v-1.5H8.4c-2,0-3.7-1.7-3.7-3.7zm4.6.9h5.3v-1.5H9.3v1.5z\"><\/path><\/svg><span class=\"wp-block-social-link-label screen-reader-text\">Link<\/span><\/a><\/li><\/ul>\n\n\n\n<p><\/p>\n\n\n\n<div class=\"wp-block-group alignfull has-global-padding is-content-justification-center is-layout-constrained wp-container-core-group-is-layout-df757ecc wp-block-group-is-layout-constrained\" style=\"margin-top:0;margin-bottom:0;padding-top:calc( 0.5 * var(--wp--style--root--padding-right, var(--wp--custom--gap--horizontal)));padding-right:var(--wp--style--root--padding-right, var(--wp--custom--gap--horizontal));padding-bottom:calc( 0.5 * var(--wp--style--root--padding-right, var(--wp--custom--gap--horizontal)));padding-left:var(--wp--style--root--padding-left, var(--wp--custom--gap--horizontal))\">\n<div style=\"height:calc( 0.25 * var(--wp--style--root--padding-right, var(--wp--custom--gap--horizontal)))\" aria-hidden=\"true\" class=\"wp-block-spacer\"><\/div>\n\n\n\n<div style=\"height:calc( 0.25 * var(--wp--style--root--padding-right, var(--wp--custom--gap--horizontal)))\" aria-hidden=\"true\" class=\"wp-block-spacer\"><\/div>\n<\/div>\n","protected":false},"excerpt":{"rendered":"<p>Estamos centrados en potenciar los poderes de los aceites seleccionados que cient\u00edficamente han demostrado por siglos sus invaluables beneficios en el cuidado y realce de una belleza sana y el alivio de dolencias. Sentimos un profundo compromiso con el cuidado del planeta y la piel; nuestro objetivo primordial es nutrir, proteger, regenerar y revitalizar la [&hellip;]<\/p>\n","protected":false},"author":1,"featured_media":0,"parent":0,"menu_order":0,"comment_status":"closed","ping_status":"closed","template":"","meta":{"_monsterinsights_skip_tracking":false,"_monsterinsights_sitenote_active":false,"_monsterinsights_sitenote_note":"","_monsterinsights_sitenote_category":0,"footnotes":""},"class_list":["post-806","page","type-page","status-publish","hentry"],"aioseo_notices":[],"_links":{"self":[{"href":"https:\/\/azaharcosmetic.com\/index.php\/wp-json\/wp\/v2\/pages\/806","targetHints":{"allow":["GET"]}}],"collection":[{"href":"https:\/\/azaharcosmetic.com\/index.php\/wp-json\/wp\/v2\/pages"}],"about":[{"href":"https:\/\/azaharcosmetic.com\/index.php\/wp-json\/wp\/v2\/types\/page"}],"author":[{"embeddable":true,"href":"https:\/\/azaharcosmetic.com\/index.php\/wp-json\/wp\/v2\/users\/1"}],"replies":[{"embeddable":true,"href":"https:\/\/azaharcosmetic.com\/index.php\/wp-json\/wp\/v2\/comments?post=806"}],"version-history":[{"count":375,"href":"https:\/\/azaharcosmetic.com\/index.php\/wp-json\/wp\/v2\/pages\/806\/revisions"}],"predecessor-version":[{"id":2871,"href":"https:\/\/azaharcosmetic.com\/index.php\/wp-json\/wp\/v2\/pages\/806\/revisions\/2871"}],"wp:attachment":[{"href":"https:\/\/azaharcosmetic.com\/index.php\/wp-json\/wp\/v2\/media?parent=806"}],"curies":[{"name":"wp","href":"https:\/\/api.w.org\/{rel}","templated":true}]}}