{"id":535,"date":"2023-07-05T21:03:05","date_gmt":"2023-07-05T21:03:05","guid":{"rendered":"https:\/\/azaharcosmetic.com\/?post_type=product&#038;p=535"},"modified":"2026-01-20T22:35:09","modified_gmt":"2026-01-20T22:35:09","slug":"naranja-pomada-magica-2-onzas","status":"publish","type":"product","link":"https:\/\/azaharcosmetic.com\/index.php\/producto\/naranja-pomada-magica-2-onzas\/","title":{"rendered":"Naranja Elixir M\u00e1gica &#8211; 2 ONZAS"},"content":{"rendered":"<p style=\"text-align: center;\"><span style=\"font-size: 24px;\">ELIXIR CORPORAL M\u00c1GICA<\/span><\/p>\n<p style=\"text-align: center;\">2 onzas<\/p>\n<p style=\"text-align: center;\"><strong>Aroma a naranja<\/strong><\/p>\n<p style=\"text-align: center;\">Descubre el poder del Elixir Corporal M\u00c1GICA con <strong>aroma a naranja<\/strong>, una joya de la cosm\u00e9tica natural.<br \/>\nSu f\u00f3rmula 100% natural creada para nutrir, rejuvenecer,combatiendo los signos del envejecimiento,\u00a0 y calmar tu piel, mientras su c\u00e1lido aroma estimula tus sentidos de relajaci\u00f3n y alivio.<\/p>\n<p style=\"text-align: center;\"><strong>Beneficios:<\/strong><\/p>\n<p style=\"text-align: center;\"><strong>\u2728Cuidado avanzado de la piel,\u00a0<\/strong>El elixir es una joya en la cosm\u00e9tica natural, con ingredientes seleccionados para embellecer y regenerar la piel. Con propiedades antimicrobianas y antioxidantes, limpian profundamente, eliminando impurezas y c\u00e9lulas muertas, nutre en profundidad, es emoliente, dejando la piel suave, tersa y radiante.<\/p>\n<p style=\"text-align: center;\"><strong>\u2728Cuidado para m\u00fasculos y articulaciones,<\/strong>\u00a0El Elixir Corporal M\u00e1gica ofrece un tratamiento sensorial y act\u00faa eficazmente para aliviar molestias musculares y articulares, tienen propiedades relajantes, favoreciendo el bienestar f\u00edsico. Su uso regular puede ser un aliado para quienes buscan alivio tras un d\u00eda de actividad intensa.<\/p>\n<p style=\"text-align: center;\"><strong>\u2728Bienestar emocional con el poder del aroma a naranja,\u00a0<\/strong>El c\u00e1lido y fresco aroma a naranja no es solo un placer olfativo; es un regalo para tu bienestar emocional. Con propiedades aroma terap\u00e9uticas: Su fragancia es conocida por sus efectos calmantes y sedantes. Seg\u00fan investigaciones cient\u00edficas, el aceite esencial de naranja reduce el cortisol, la hormona del estr\u00e9s, promoviendo alegr\u00eda y relajaci\u00f3n. Con antidepresivo natural: Ideal para combatir estados de ansiedad y mejorar el \u00e1nimo, potenciando una sensaci\u00f3n de felicidad y tranquilidad.<\/p>\n<p style=\"text-align: center;\">El poder anti-edad de este elixir se une a la sensaci\u00f3n de alivio que aporta, ayudando a relajar y calmar tus sentidos, creando as\u00ed una experiencia enriquecedora para tu bienestar.<\/p>\n<figure class=\"pk-pin-it-container aligncenter\"><img fetchpriority=\"high\" decoding=\"async\" class=\"size-medium wp-image-2322 pk-pin-it-ready aligncenter\" src=\"https:\/\/azaharcosmetic.com\/wp-content\/uploads\/2023\/08\/WhatsApp-Image-2025-03-22-at-12.31.28-PM-300x300.jpeg\" sizes=\"(max-width: 300px) 100vw, 300px\" srcset=\"https:\/\/azaharcosmetic.com\/wp-content\/uploads\/2023\/08\/WhatsApp-Image-2025-03-22-at-12.31.28-PM-300x300.jpeg 300w, https:\/\/azaharcosmetic.com\/wp-content\/uploads\/2023\/08\/WhatsApp-Image-2025-03-22-at-12.31.28-PM-150x150.jpeg 150w, https:\/\/azaharcosmetic.com\/wp-content\/uploads\/2023\/08\/WhatsApp-Image-2025-03-22-at-12.31.28-PM-768x768.jpeg 768w, https:\/\/azaharcosmetic.com\/wp-content\/uploads\/2023\/08\/WhatsApp-Image-2025-03-22-at-12.31.28-PM-80x80.jpeg 80w, https:\/\/azaharcosmetic.com\/wp-content\/uploads\/2023\/08\/WhatsApp-Image-2025-03-22-at-12.31.28-PM-400x400.jpeg 400w, https:\/\/azaharcosmetic.com\/wp-content\/uploads\/2023\/08\/WhatsApp-Image-2025-03-22-at-12.31.28-PM-100x100.jpeg 100w, https:\/\/azaharcosmetic.com\/wp-content\/uploads\/2023\/08\/WhatsApp-Image-2025-03-22-at-12.31.28-PM.jpeg 1024w\" alt=\"\" width=\"300\" height=\"300\" \/><\/figure>\n<p style=\"text-align: center;\">La delicada f\u00f3rmula de nuestro elixir permite que los ingredientes se combinen y act\u00faen sobre la piel, penetran profundamente gracias a su tama\u00f1o molecular, actuando directamente sobre las c\u00e9lulas, obteniendo grandes resultados.<\/p>\n<p style=\"text-align: center;\"><strong>C\u00f3mo act\u00faan los aceites:<\/strong><\/p>\n<p style=\"text-align: center;\"><strong>\u2728<\/strong>La Cera de Karit\u00e9, la cera de abejas, el aceite de almendras y el Aceite de Aguacate: Nutren profundamente, restauran la barrera cut\u00e1nea y calman irritaciones, dejando la piel suave, tersa, radiante. Combinan su poder hidratante y antiedad, estimula la producci\u00f3n de col\u00e1geno, mejorando la elasticidad de la piel.<\/p>\n<p style=\"text-align: center;\"><strong>\u2728<\/strong>El CBD (Cannibidiol), el aceite de Cal\u00e9ndula y el aceite de Romero, trabajan en sinergia para calmar inflamaciones, mejorar la circulaci\u00f3n y reducir la rigidez articular.<\/p>\n<p style=\"text-align: center;\"><strong>\u2728<\/strong>El Aceite de Naranja, aceite de girasol, rejuvenece y unifica el tono de la piel, reduciendo manchas, celulitis y marcas. Sus propiedades antimicrobianas y antioxidantes limpian profundamente, eliminando impurezas y c\u00e9lulas muertas.<\/p>\n<p><strong>\u2728<\/strong>Vitamina E y Aceite de Aguacate: Combinan su poder hidratante y anti-edad, estimulando la producci\u00f3n de col\u00e1geno y mejorando la elasticidad de la piel.<\/p>\n<p style=\"text-align: center;\"><strong>Caracter\u00edsticas del producto:<\/strong><\/p>\n<p style=\"text-align: center;\">\u00a0Disfruta de los beneficios de este m\u00e1gico elixir, elaborado para cuidar tu piel de forma natural.<\/p>\n<p style=\"text-align: center;\">Reg\u00e1late una experiencia sensorial \u00fanica y consciente.<\/p>\n<p style=\"text-align: center;\">Apl\u00edcalo con suaves masajes sobre la piel y permite que su magia act\u00fae.<\/p>\n<p style=\"text-align: center;\"><strong>D\u00e9jate envolver por el poder de la naranja y redescubre el placer del autocuidado natural.<\/strong><\/p>\n<p style=\"text-align: center;\">100% natural \u2013 Sin derivados del petr\u00f3leo \u2013 Sin conservantes ni fragancias artificiales.<\/p>\n<p style=\"text-align: center;\"><strong>Presentaci\u00f3n:<\/strong>\u00a01 onza (27 g) en envase de aluminio reutilizable y caja protectora.<\/p>\n<p style=\"text-align: center;\"><strong>Producto colombiano,<\/strong><\/p>\n<p style=\"text-align: center;\">elaborado con amor y respeto por tu bienestar.<\/p>\n<p style=\"text-align: center;\"><strong>Certificado INVIMA NSOC23975-23CO<\/strong><\/p>\n<p>&nbsp;<\/p>\n","protected":false},"excerpt":{"rendered":"<p style=\"text-align: center;\"><span style=\"font-family: Cinzel;\">Elixir corporal, M\u00e1gica. hecho con finos aceites naturales y esenciales, aroma a naranja. Anti edad con sensaci\u00f3n de alivio, ayuda a relajar y a calmar los sentidos. Para el cuidado de la piel, los m\u00fasculos y articulaciones,\u00a0 <strong>Los beneficios del Elixir Corporal:<\/strong> ayuda a mitigar las tensiones del d\u00eda a d\u00eda, favorece la restauraci\u00f3n y regeneraci\u00f3n. En la piel, dej\u00e1ndola suave, tersa y radiante. Su f\u00f3rmula rica en antioxidantes y emolientes se absorbe r\u00e1pidamente, promueve la producci\u00f3n de col\u00e1geno, sin dejar sensaci\u00f3n grasosa, proporciona una hidrataci\u00f3n intensa en todo tu cuerpo,\u00a0 embelleci\u00e9ndolo y relaj\u00e1ndolo.<\/span><\/p>\n<p><img decoding=\"async\" class=\"size-full wp-image-1996 aligncenter\" src=\"https:\/\/azaharcosmetic.com\/wp-content\/uploads\/2024\/04\/natural-8.jpg\" alt=\"\" width=\"219\" height=\"190\" \/><\/p>\n","protected":false},"featured_media":1837,"comment_status":"closed","ping_status":"closed","template":"","meta":{"_monsterinsights_skip_tracking":false,"_monsterinsights_sitenote_active":false,"_monsterinsights_sitenote_note":"","_monsterinsights_sitenote_category":0},"product_brand":[],"product_cat":[28],"product_tag":[],"class_list":{"0":"post-535","1":"product","2":"type-product","3":"status-publish","4":"has-post-thumbnail","6":"product_cat-pomadas","8":"first","9":"instock","10":"featured","11":"taxable","12":"shipping-taxable","13":"purchasable","14":"product-type-simple"},"aioseo_notices":[],"_links":{"self":[{"href":"https:\/\/azaharcosmetic.com\/index.php\/wp-json\/wp\/v2\/product\/535","targetHints":{"allow":["GET"]}}],"collection":[{"href":"https:\/\/azaharcosmetic.com\/index.php\/wp-json\/wp\/v2\/product"}],"about":[{"href":"https:\/\/azaharcosmetic.com\/index.php\/wp-json\/wp\/v2\/types\/product"}],"replies":[{"embeddable":true,"href":"https:\/\/azaharcosmetic.com\/index.php\/wp-json\/wp\/v2\/comments?post=535"}],"wp:featuredmedia":[{"embeddable":true,"href":"https:\/\/azaharcosmetic.com\/index.php\/wp-json\/wp\/v2\/media\/1837"}],"wp:attachment":[{"href":"https:\/\/azaharcosmetic.com\/index.php\/wp-json\/wp\/v2\/media?parent=535"}],"wp:term":[{"taxonomy":"product_brand","embeddable":true,"href":"https:\/\/azaharcosmetic.com\/index.php\/wp-json\/wp\/v2\/product_brand?post=535"},{"taxonomy":"product_cat","embeddable":true,"href":"https:\/\/azaharcosmetic.com\/index.php\/wp-json\/wp\/v2\/product_cat?post=535"},{"taxonomy":"product_tag","embeddable":true,"href":"https:\/\/azaharcosmetic.com\/index.php\/wp-json\/wp\/v2\/product_tag?post=535"}],"curies":[{"name":"wp","href":"https:\/\/api.w.org\/{rel}","templated":true}]}}