{"id":590,"date":"2023-08-03T22:26:59","date_gmt":"2023-08-03T22:26:59","guid":{"rendered":"https:\/\/azaharcosmetic.com\/?post_type=product&#038;p=590"},"modified":"2026-01-20T22:25:43","modified_gmt":"2026-01-20T22:25:43","slug":"romero-elixir-magica-1-onza","status":"publish","type":"product","link":"https:\/\/azaharcosmetic.com\/index.php\/producto\/romero-elixir-magica-1-onza\/","title":{"rendered":"Romero Elixir M\u00e1gica &#8211; 1 ONZA"},"content":{"rendered":"<p style=\"text-align: center;\"><span style=\"font-size: 24px;\">ELIXIR CORPORAL M\u00c1GICA<\/span><\/p>\r\n<p style=\"text-align: center;\">1 onza<\/p>\r\n<p style=\"text-align: center;\"><strong>aroma a Romero<\/strong><\/p>\r\n<p style=\"text-align: center;\">Sum\u00e9rgete en la esencia revitalizante del Elixir Corporal M\u00e1gica, con el refrescante <strong>aroma a\u00a0Romero<\/strong>,<\/p>\r\n<p style=\"text-align: center;\"><strong>\u00bfBuscas una piel radiante, firme y equilibrada, mientras revitalizas tu mente?<\/strong><br \/>Descubre la magia del Elixir Corporal M\u00c1GICA con aroma a Romero, una f\u00f3rmula natural dise\u00f1ada para cuidar tu piel y estimular tu energ\u00eda mental. Gracias al aceite esencial de romero, este elixir es ideal para todo tipo de piel, con un enfoque especial en el rostro:<\/p>\r\n<p style=\"text-align: center;\">\u2728 Astringente y purificante<br \/>\u2728 Ayuda a reducir el acn\u00e9<br \/>\u2728 Nutre piel seca y deshidratada<br \/>\u2728 Mejora la firmeza, luminosidad y elasticidad<br \/>\u2728 Combate signos del envejecimiento y l\u00edneas de expresi\u00f3n<\/p>\r\n<p style=\"text-align: center;\">\u00a0<\/p>\r\n<p style=\"text-align: center;\">Su aroma fresco, herbal y profundo tiene adem\u00e1s un poderoso efecto sobre la mente:<br \/>\u2728Estimula la concentraci\u00f3n<br \/>\u2728Purifica el ambiente<\/p>\r\n<p style=\"text-align: center;\">\u2728Aumenta la claridad mental y la percepci\u00f3n<\/p>\r\n<p style=\"text-align: center;\"><br \/>Siente c\u00f3mo tu piel se transforma. m\u00e1s luminosa, suave y revitalizada.<\/p>\r\n<p style=\"text-align: center;\">Su textura ligera se absorbe r\u00e1pidamente, sin dejar residuos grasos.<\/p>\r\n<p><img fetchpriority=\"high\" decoding=\"async\" class=\"size-medium wp-image-2320 aligncenter\" src=\"https:\/\/azaharcosmetic.com\/wp-content\/uploads\/2023\/08\/WhatsApp-Image-2025-03-22-at-12.31.28-PM-1-300x300.jpeg\" alt=\"\" width=\"300\" height=\"300\" srcset=\"https:\/\/azaharcosmetic.com\/wp-content\/uploads\/2023\/08\/WhatsApp-Image-2025-03-22-at-12.31.28-PM-1-300x300.jpeg 300w, https:\/\/azaharcosmetic.com\/wp-content\/uploads\/2023\/08\/WhatsApp-Image-2025-03-22-at-12.31.28-PM-1-150x150.jpeg 150w, https:\/\/azaharcosmetic.com\/wp-content\/uploads\/2023\/08\/WhatsApp-Image-2025-03-22-at-12.31.28-PM-1-768x768.jpeg 768w, https:\/\/azaharcosmetic.com\/wp-content\/uploads\/2023\/08\/WhatsApp-Image-2025-03-22-at-12.31.28-PM-1-80x80.jpeg 80w, https:\/\/azaharcosmetic.com\/wp-content\/uploads\/2023\/08\/WhatsApp-Image-2025-03-22-at-12.31.28-PM-1-400x400.jpeg 400w, https:\/\/azaharcosmetic.com\/wp-content\/uploads\/2023\/08\/WhatsApp-Image-2025-03-22-at-12.31.28-PM-1-100x100.jpeg 100w, https:\/\/azaharcosmetic.com\/wp-content\/uploads\/2023\/08\/WhatsApp-Image-2025-03-22-at-12.31.28-PM-1.jpeg 1024w\" sizes=\"(max-width: 300px) 100vw, 300px\" \/><\/p>\r\n<p class=\"has-text-align-center\" style=\"text-align: center;\"><strong><span style=\"font-size: 20px;\">Los Ingredientes son:<\/span><\/strong><\/p>\r\n<p style=\"text-align: center;\"><!-- \/wp:post-content -->\r\n\r\n<!-- wp:paragraph {\"align\":\"center\"} --><\/p>\r\n<p style=\"text-align: center;\">Aceite de Romero, Cera de Karit\u00e9, Cera de Soya, Cera de Abejas, CBD, Aceite de Naranja, Aceite de Aguacate, Vitamina E, Cal\u00e9ndula, Aceite de Girasol, Aceite de Almendras.<\/p>\r\n<p style=\"text-align: center;\">Nuestro elixir corporal es una combinaci\u00f3n cuidadosamente elaborada con ingredientes naturales que trabajan en hermandad para brindar una experiencia de cuidado excepcional.<\/p>\r\n<p style=\"text-align: center;\">Un elixir enriquecido con<strong> 11 aceites naturales y extractos bot\u00e1nicos<\/strong> Cada ingrediente fue elegido por su capacidad para nutrir, aliviar y rejuvenecer la piel, mientras aporta una experiencia sensorial<\/p>\r\n<p style=\"text-align: center;\"><strong>\u00a1Haz del autocuidado un ritual consciente!<\/strong><\/p>\r\n<p style=\"text-align: center;\"><strong>Modo de Uso:<\/strong> Aplica una peque\u00f1a cantidad en rostro y cuerpo, respira su aroma y siente el bienestar desde la primera aplicaci\u00f3n.<\/p>\r\n<p style=\"text-align: center;\"><strong>Presentaci\u00f3n:<\/strong> 1 onza \/ 27g en envase de aluminio reutilizable + caja protectora<br \/>Producto natural, sin derivados del petr\u00f3leo, conservantes ni fragancias artificiales.<\/p>\r\n<p style=\"text-align: center;\"><br \/>Certificado INVIMA NSOC23975-23CO<br \/><strong>Hecho con amor en Colombia<\/strong><\/p>\r\n<p>&nbsp;<\/p>\r\n<p>&nbsp;<\/p>","protected":false},"excerpt":{"rendered":"<p style=\"text-align: center;\"><span style=\"font-family: Cinzel;\">Elixir corporal, M\u00e1gica. 11 finos aceites naturales y esenciales en una solo f\u00f3rmula, aroma a romero. Anti edad con sensaci\u00f3n de frescura ayuda a mantener la belleza natural de la piel.<\/span><\/p>\n<p style=\"text-align: center;\"><img decoding=\"async\" class=\"alignnone  wp-image-1996\" src=\"https:\/\/azaharcosmetic.com\/wp-content\/uploads\/2024\/04\/natural-8.jpg\" alt=\"\" width=\"136\" height=\"118\" \/><\/p>\n","protected":false},"featured_media":2925,"comment_status":"closed","ping_status":"closed","template":"","meta":{"_monsterinsights_skip_tracking":false,"_monsterinsights_sitenote_active":false,"_monsterinsights_sitenote_note":"","_monsterinsights_sitenote_category":0},"product_brand":[],"product_cat":[28],"product_tag":[],"class_list":{"0":"post-590","1":"product","2":"type-product","3":"status-publish","4":"has-post-thumbnail","6":"product_cat-pomadas","8":"first","9":"instock","10":"featured","11":"taxable","12":"shipping-taxable","13":"purchasable","14":"product-type-simple"},"aioseo_notices":[],"_links":{"self":[{"href":"https:\/\/azaharcosmetic.com\/index.php\/wp-json\/wp\/v2\/product\/590","targetHints":{"allow":["GET"]}}],"collection":[{"href":"https:\/\/azaharcosmetic.com\/index.php\/wp-json\/wp\/v2\/product"}],"about":[{"href":"https:\/\/azaharcosmetic.com\/index.php\/wp-json\/wp\/v2\/types\/product"}],"replies":[{"embeddable":true,"href":"https:\/\/azaharcosmetic.com\/index.php\/wp-json\/wp\/v2\/comments?post=590"}],"wp:featuredmedia":[{"embeddable":true,"href":"https:\/\/azaharcosmetic.com\/index.php\/wp-json\/wp\/v2\/media\/2925"}],"wp:attachment":[{"href":"https:\/\/azaharcosmetic.com\/index.php\/wp-json\/wp\/v2\/media?parent=590"}],"wp:term":[{"taxonomy":"product_brand","embeddable":true,"href":"https:\/\/azaharcosmetic.com\/index.php\/wp-json\/wp\/v2\/product_brand?post=590"},{"taxonomy":"product_cat","embeddable":true,"href":"https:\/\/azaharcosmetic.com\/index.php\/wp-json\/wp\/v2\/product_cat?post=590"},{"taxonomy":"product_tag","embeddable":true,"href":"https:\/\/azaharcosmetic.com\/index.php\/wp-json\/wp\/v2\/product_tag?post=590"}],"curies":[{"name":"wp","href":"https:\/\/api.w.org\/{rel}","templated":true}]}}