{"id":64,"date":"2022-11-21T19:58:54","date_gmt":"2022-11-21T19:58:54","guid":{"rendered":"https:\/\/azaharcosmetic.com\/?post_type=product&#038;p=64"},"modified":"2026-01-20T22:35:20","modified_gmt":"2026-01-20T22:35:20","slug":"romero-pomada-magica","status":"publish","type":"product","link":"https:\/\/azaharcosmetic.com\/index.php\/producto\/romero-pomada-magica\/","title":{"rendered":"Romero Elixir M\u00e1gica &#8211; 2 ONZAS"},"content":{"rendered":"<p style=\"text-align: center;\"><span style=\"font-size: 24px;\">ELIXIR CORPORAL M\u00c1GICA<\/span><\/p>\n<p style=\"text-align: center;\">2 onzas<\/p>\n<p style=\"text-align: center;\"><strong>aroma a Romero<\/strong><\/p>\n<p style=\"text-align: center;\">Sum\u00e9rgete en la esencia revitalizante del Elixir Corporal M\u00e1gica, con el refrescante\u00a0<strong>aroma a\u00a0Romero<\/strong>,<\/p>\n<p style=\"text-align: center;\"><strong>\u00bfBuscas una piel radiante, firme y equilibrada, mientras revitalizas tu mente?<\/strong><br \/>\nDescubre la magia del Elixir Corporal M\u00c1GICA con aroma a Romero, una f\u00f3rmula natural dise\u00f1ada para cuidar tu piel y estimular tu energ\u00eda mental. Gracias al aceite esencial de romero, este elixir es ideal para todo tipo de piel, con un enfoque especial en el rostro:<\/p>\n<p>&nbsp;<\/p>\n<p style=\"text-align: center;\">\u2728 Astringente y purificante<br \/>\n\u2728 Ayuda a reducir el acn\u00e9<br \/>\n\u2728 Nutre piel seca y deshidratada<br \/>\n\u2728 Mejora la firmeza, luminosidad y elasticidad<br \/>\n\u2728 Combate signos del envejecimiento y l\u00edneas de expresi\u00f3n<\/p>\n<p style=\"text-align: center;\">Su aroma fresco, herbal y profundo tiene adem\u00e1s un poderoso efecto sobre la mente:<br \/>\n\u2728Estimula la concentraci\u00f3n<br \/>\n\u2728Purifica el ambiente<\/p>\n<p style=\"text-align: center;\">\u2728Aumenta la claridad mental y la percepci\u00f3n<\/p>\n<p>&nbsp;<\/p>\n<p style=\"text-align: center;\"><strong>Siente c\u00f3mo tu piel se transforma. m\u00e1s luminosa, suave y revitalizada.<\/strong><\/p>\n<p style=\"text-align: center;\">Su textura ligera se absorbe r\u00e1pidamente, sin dejar residuos grasos.<\/p>\n<figure class=\"pk-pin-it-container aligncenter\"><img fetchpriority=\"high\" decoding=\"async\" class=\"size-medium wp-image-2146 aligncenter\" src=\"https:\/\/azaharcosmetic.com\/wp-content\/uploads\/2024\/07\/WhatsApp-Image-2024-05-06-at-3.35.58-PM-2-300x256.jpeg\" alt=\"\" width=\"300\" height=\"256\" srcset=\"https:\/\/azaharcosmetic.com\/wp-content\/uploads\/2024\/07\/WhatsApp-Image-2024-05-06-at-3.35.58-PM-2-300x256.jpeg 300w, https:\/\/azaharcosmetic.com\/wp-content\/uploads\/2024\/07\/WhatsApp-Image-2024-05-06-at-3.35.58-PM-2-400x342.jpeg 400w, https:\/\/azaharcosmetic.com\/wp-content\/uploads\/2024\/07\/WhatsApp-Image-2024-05-06-at-3.35.58-PM-2-768x656.jpeg 768w, https:\/\/azaharcosmetic.com\/wp-content\/uploads\/2024\/07\/WhatsApp-Image-2024-05-06-at-3.35.58-PM-2.jpeg 1024w\" sizes=\"(max-width: 300px) 100vw, 300px\" \/><\/figure>\n<p class=\"has-text-align-center\" style=\"text-align: center;\"><strong>Los Ingredientes son:<\/strong><\/p>\n<p>&nbsp;<\/p>\n<p style=\"text-align: center;\">Aceite de Romero, Cera de Karit\u00e9, Cera de Soya, Cera de Abejas, CBD, Aceite de Naranja, Aceite de Aguacate, Vitamina E, Cal\u00e9ndula, Aceite de Girasol, Aceite de Almendras.<\/p>\n<p style=\"text-align: center;\">Nuestro elixir corporal es una combinaci\u00f3n cuidadosamente elaborada con ingredientes naturales que trabajan en hermandad para brindar una experiencia de cuidado excepcional.<\/p>\n<p style=\"text-align: center;\">Un elixir enriquecido con<strong>\u00a011 aceites naturales y extractos bot\u00e1nicos<\/strong>\u00a0Cada ingrediente fue elegido por su capacidad para nutrir, aliviar y rejuvenecer la piel, mientras aporta una experiencia sensorial<\/p>\n<p style=\"text-align: center;\"><strong>\u00a1Haz del autocuidado un ritual consciente!<\/strong><\/p>\n<p style=\"text-align: center;\"><strong>Modo de Uso:<\/strong>\u00a0Aplica una peque\u00f1a cantidad en rostro y cuerpo, respira su aroma y siente el bienestar desde la primera aplicaci\u00f3n.<\/p>\n<p style=\"text-align: center;\"><strong>Presentaci\u00f3n:<\/strong>\u00a01 onza \/ 27g en envase de aluminio reutilizable + caja protectora<br \/>\nProducto natural, sin derivados del petr\u00f3leo, conservantes ni fragancias artificiales.<\/p>\n<p>&nbsp;<\/p>\n<p style=\"text-align: center;\">Certificado INVIMA NSOC23975-23CO<br \/>\n<strong>Hecho con amor en Colombia<\/strong><\/p>\n","protected":false},"excerpt":{"rendered":"<p style=\"text-align: center;\"><span style=\"font-family: Cinzel;\">Elixir corporal, M\u00e1gica. 11 finos aceites naturales y esenciales en una sola f\u00f3rmula, aroma a romero. Anti edad con sensaci\u00f3n de frescura ayuda a mantener la belleza natural de la piel.<\/span><\/p>\n<p style=\"text-align: center;\"><img decoding=\"async\" class=\"alignnone wp-image-1996\" src=\"https:\/\/azaharcosmetic.com\/wp-content\/uploads\/2024\/04\/natural-8.jpg\" alt=\"\" width=\"165\" height=\"143\" \/><\/p>\n","protected":false},"featured_media":1835,"comment_status":"closed","ping_status":"closed","template":"","meta":{"_monsterinsights_skip_tracking":false,"_monsterinsights_sitenote_active":false,"_monsterinsights_sitenote_note":"","_monsterinsights_sitenote_category":0},"product_brand":[],"product_cat":[28],"product_tag":[],"class_list":{"0":"post-64","1":"product","2":"type-product","3":"status-publish","4":"has-post-thumbnail","6":"product_cat-pomadas","8":"first","9":"instock","10":"featured","11":"taxable","12":"shipping-taxable","13":"purchasable","14":"product-type-simple"},"aioseo_notices":[],"_links":{"self":[{"href":"https:\/\/azaharcosmetic.com\/index.php\/wp-json\/wp\/v2\/product\/64","targetHints":{"allow":["GET"]}}],"collection":[{"href":"https:\/\/azaharcosmetic.com\/index.php\/wp-json\/wp\/v2\/product"}],"about":[{"href":"https:\/\/azaharcosmetic.com\/index.php\/wp-json\/wp\/v2\/types\/product"}],"replies":[{"embeddable":true,"href":"https:\/\/azaharcosmetic.com\/index.php\/wp-json\/wp\/v2\/comments?post=64"}],"wp:featuredmedia":[{"embeddable":true,"href":"https:\/\/azaharcosmetic.com\/index.php\/wp-json\/wp\/v2\/media\/1835"}],"wp:attachment":[{"href":"https:\/\/azaharcosmetic.com\/index.php\/wp-json\/wp\/v2\/media?parent=64"}],"wp:term":[{"taxonomy":"product_brand","embeddable":true,"href":"https:\/\/azaharcosmetic.com\/index.php\/wp-json\/wp\/v2\/product_brand?post=64"},{"taxonomy":"product_cat","embeddable":true,"href":"https:\/\/azaharcosmetic.com\/index.php\/wp-json\/wp\/v2\/product_cat?post=64"},{"taxonomy":"product_tag","embeddable":true,"href":"https:\/\/azaharcosmetic.com\/index.php\/wp-json\/wp\/v2\/product_tag?post=64"}],"curies":[{"name":"wp","href":"https:\/\/api.w.org\/{rel}","templated":true}]}}